{"id":894,"date":"2021-02-03T23:01:35","date_gmt":"2021-02-03T22:01:35","guid":{"rendered":"https:\/\/joglobalserveisintegrals.com\/politica-de-privadesa\/"},"modified":"2023-01-31T12:28:57","modified_gmt":"2023-01-31T11:28:57","slug":"politica-de-privadesa","status":"publish","type":"page","link":"https:\/\/joglobalserveisintegrals.com\/ca\/politica-de-privadesa\/","title":{"rendered":"Pol\u00edtica de Privadesa"},"content":{"rendered":"<div class=\"fusion-fullwidth fullwidth-box fusion-builder-row-1 fusion-flex-container nonhundred-percent-fullwidth non-hundred-percent-height-scrolling\" style=\"--awb-border-radius-top-left:0px;--awb-border-radius-top-right:0px;--awb-border-radius-bottom-right:0px;--awb-border-radius-bottom-left:0px;--awb-flex-wrap:wrap;\" ><div class=\"fusion-builder-row fusion-row fusion-flex-align-items-flex-start fusion-flex-content-wrap\" style=\"max-width:1248px;margin-left: calc(-4% \/ 2 );margin-right: calc(-4% \/ 2 );\"><div class=\"fusion-layout-column fusion_builder_column fusion-builder-column-0 fusion_builder_column_1_1 1_1 fusion-flex-column\" style=\"--awb-bg-size:cover;--awb-width-large:100%;--awb-margin-top-large:6rem;--awb-spacing-right-large:1.92%;--awb-margin-bottom-large:12rem;--awb-spacing-left-large:1.92%;--awb-width-medium:100%;--awb-order-medium:0;--awb-spacing-right-medium:1.92%;--awb-spacing-left-medium:1.92%;--awb-width-small:100%;--awb-order-small:0;--awb-spacing-right-small:1.92%;--awb-spacing-left-small:1.92%;\"><div class=\"fusion-column-wrapper fusion-column-has-shadow fusion-flex-justify-content-flex-start fusion-content-layout-column\"><div class=\"fusion-text fusion-text-1\"><p><h4 class=\"wp-block-heading\">Av\u00eds Legal<\/h4>\n<\/p>\n<p>Esta p\u00e1gina Web es propiedad de J&amp;0 GLOBAL SERVEIS INTEGRALS 1984, SL con NIF n\u00ba B67625939 y domicilio en Avenida Can Serra, n\u00famero 12, bajos 2, 08213, Poliny\u00e0, (Barcelona) e Inscrita en el Registro Mercantil de Barcelona. en el Tomo 47386 Folio 215 Hoja 550252  Inscripci\u00f3n 1. <\/p>\n<p>Para cualquier consulta o propuesta, cont\u00e1ctenos en el e-mail: <a href=\"mailto:info@joglobalserveisintegrals.com\">info@joglobalserveisintegrals.com<\/a><\/p>\n<p>Esta p\u00e1gina web se rige por la normativa exclusivamente aplicable en Espa\u00f1a, quedando sometida a ella, tanto nacionales como extranjeros que utilicen esta web.<\/p>\n<p>El acceso a nuestra p\u00e1gina web por parte del USUARIO es gratuito y est\u00e1 condicionado a la previa lectura y aceptaci\u00f3n \u00edntegra, expresa y sin reservas de las presentes CONDICIONES GENERALES DE USO vigentes en el momento del acceso, que rogamos lea detenidamente. El USUARIO en el momento que utiliza nuestro portal, sus contenidos o servicios, acepta y se somete expresamente a las condiciones generales de uso del mismo. Si el usuario no estuviere de acuerdo con las presentes condiciones de uso, deber\u00e1 abstenerse de utilizar este portal y operar por medio del mismo.<\/p>\n<p>En cualquier momento podremos modificar la presentaci\u00f3n y configuraci\u00f3n de nuestra web, ampliar o reducir servicios, e incluso suprimirse de la Red, as\u00ed como los servicios y contenidos prestados, todo ello de forma unilateral y sin previo aviso.<\/p>\n<\/p>\n<h5>A. PROPIETAT INTEL\u00b7LECTUAL<\/h5>\n<\/p>\n<p>Todos los contenidos, textos, im\u00e1genes, marcas y c\u00f3digos fuente son de nuestra propiedad o de terceros a los que se han adquirido sus derechos de explotaci\u00f3n, y est\u00e1n protegidos por los derechos de Propiedad Intelectual e Industrial.<\/p>\n<p>El usuario \u00fanicamente tiene derecho a un uso privado de los mismos, sin \u00e1nimo de lucro, y necesita autorizaci\u00f3n expresa para modificarlos, reproducirlos, explotarlos, distribuirlos o ejercer cualquier derecho perteneciente a su titular.<\/p>\n<\/p>\n<h5>B. CONDICIONS D&#8217;ACC\u00c9S<\/h5>\n<\/p>\n<p>El acceso a nuestra p\u00e1gina Web es gratuito y no exige previa suscripci\u00f3n o registro.<\/p>\n<p>El env\u00edo de datos personales implica la aceptaci\u00f3n expresa por parte del USUARIO de nuestra pol\u00edtica de privacidad.<\/p>\n<p>El usuario debe acceder a nuestra p\u00e1gina Web conforme a la buena fe, las normas de orden p\u00fablico y a las presentes Condiciones Generales de uso. El acceso a nuestro sitio Web se realiza bajo la propia y exclusiva responsabilidad del usuario, que responder\u00e1 en todo caso de los da\u00f1os y perjuicios que pueda causar a terceros o a nosotros mismos.<\/p>\n<p>Teniendo en cuenta la imposibilidad de control respecto a la informaci\u00f3n, contenidos y servicios que contengan otras p\u00e1ginas web a los que se pueda acceder a trav\u00e9s de los enlaces que nuestra p\u00e1gina web pueda poner a su disposici\u00f3n, le comunicamos que quedamos eximidos de cualquier responsabilidad por los da\u00f1os y perjuicios de toda clase que pudiesen derivar por la utilizaci\u00f3n de esas p\u00e1ginas web, ajenas a nuestra empresa, por parte del usuario.<\/p>\n<\/p>\n<h5>C. POL\u00cdTICA DE PRIVACITAT<\/h5>\n<\/p>\n<p>La confidencialidad y la seguridad son valores primordiales de J&amp;O GLOBAL SERVEIS INTEGRALS 1984, SL y, en consecuencia, asumimos el compromiso de garantizar la privacidad del Usuario en todo momento y de no recabar informaci\u00f3n innecesaria. A continuaci\u00f3n, le proporcionamos toda la informaci\u00f3n necesaria sobre nuestra Pol\u00edtica de Privacidad en relaci\u00f3n con los datos personales que recabamos, explic\u00e1ndole:<\/p>\n<ul>\n<li>\n<p>Qui\u00e9n es el responsable del tratamiento de sus datos.<\/p>\n<\/li>\n<li>\n<p>Para qu\u00e9 finalidades recabamos los datos que le solicitamos.<\/p>\n<\/li>\n<li>\n<p>Cu\u00e1l es la legitimaci\u00f3n para su tratamiento.<\/p>\n<\/li>\n<li>\n<p>Durante cu\u00e1nto tiempo los conservamos.<\/p>\n<\/li>\n<li>\n<p> A qu\u00e9 destinatarios se comunican sus datos.<\/p>\n<\/li>\n<li>\n<p>Cu\u00e1les son sus derechos y c\u00f3mo ejercerlos.<\/p>\n<\/li>\n<\/ul>\n<h6> <\/h6>\n<h6>1. RESPONSABLE<\/h6>\n<\/p>\n<p>Ver datos en el encabezamiento. <\/p>\n<\/p>\n<h6>2. FINALITATS, LEGITIMACI\u00d3 I CONSERVACI\u00d3 dels tractaments de les dades enviades a trav\u00e9s de:<\/h6>\n<\/p>\n<h6>Formulari de contacte<\/h6>\n<\/p>\n<p>Finalidad: Facilitarle un medio para que pueda ponerse en contacto con nosotros y contestar a sus solicitudes de informaci\u00f3n, as\u00ed como enviarle comunicaciones de nuestros productos, servicios y actividades, inclusive por medios electr\u00f3nicos (correo electr\u00f3nico, SMS, etc.), si marca la casilla de aceptaci\u00f3n.<\/p>\n<p>Legitimaci\u00f3n: El consentimiento del usuario al solicitarnos informaci\u00f3n a trav\u00e9s de nuestro formulario de contactos y al marcar la casilla de aceptaci\u00f3n de env\u00edo de informaci\u00f3n.<\/p>\n<p>Conservaci\u00f3n: Una vez resuelta su solicitud por medio de nuestro formulario o contestada por correo electr\u00f3nico, si no ha generado un nuevo tratamiento, y en caso de haber aceptado recibir env\u00edos comerciales, hasta que solicite la baja de los mismos.<\/p>\n<\/p>\n<h6>Enviament de correus electr\u00f2nics<\/h6>\n<\/p>\n<p>Finalidad: Contestar a sus solicitudes de informaci\u00f3n, atender sus peticiones y responder sus consultas o dudas.  En caso de recibir su Curr\u00edculum Vitae, sus datos personales y curriculares podr\u00e1n formar parte de nuestras bases de datos para participar en nuestros procesos de selecci\u00f3n presentes y futuros.<\/p>\n<p>Legitimaci\u00f3n: El consentimiento del usuario al solicitarnos informaci\u00f3n a trav\u00e9s de la direcci\u00f3n de correo electr\u00f3nico o enviarnos sus datos y CV para participar en nuestros procesos de selecci\u00f3n.<\/p>\n<p>Conservaci\u00f3n: Una vez resuelta su petici\u00f3n por correo electr\u00f3nico, si no ha generado un nuevo tratamiento. En el caso de recibir su CV, sus datos podr\u00e1n ser conservados durante un a\u00f1o m\u00e1ximo para futuros procesos de selecci\u00f3n.<\/p>\n<p>Obligaci\u00f3n de facilitarnos sus datos personales y consecuencias de no hacerlo.<\/p>\n<p>El suministro de datos personales requiere una edad m\u00ednima de 14 a\u00f1os o, en su caso, la edad m\u00ednima que establezca la normativa de protecci\u00f3n de datos aplicable y\/o disponer de capacidad jur\u00eddica suficiente para contratar.<\/p>\n<p>Los datos personales solicitados son necesarios para gestionar sus solicitudes, darle de alta como usuario y\/o prestarle los servicios que pueda contratar, por lo que, si no nos los facilita, no podremos atenderle correctamente ni prestarle el servicio que ha solicitado.<\/p>\n<p>En todo caso, nos reservamos el derecho de decidir sobre la incorporaci\u00f3n o no de sus datos personales y dem\u00e1s informaci\u00f3n a nuestras bases de datos. <\/p>\n<\/p>\n<h6>3. DESTINATARIS DE LES SEVES DADES<\/h6>\n<\/p>\n<p>Sus datos son confidenciales y no se ceder\u00e1n a terceros, salvo que exista obligaci\u00f3n legal.<\/p>\n<\/p>\n<h6>4. COOKIES<\/h6>\n<\/p>\n<p>Esta p\u00e1gina Web puede utilizar cookies pero que en ning\u00fan caso tratan datos de car\u00e1cter personal, captan h\u00e1bitos de navegaci\u00f3n del usuario ni son utilizadas con fines publicitarios, y que por lo tanto quedan exceptuadas del cumplimiento de las obligaciones establecidas en el art\u00edculo 22 de la Ley de Servicios de la Sociedad de la Informaci\u00f3n. No obstante, el usuario consiente el uso de las cookies que nos permitan la comunicaci\u00f3n entre el equipo del usuario y la red, prestar un servicio expresamente solicitado por el usuario, la autenticaci\u00f3n o identificaci\u00f3n de usuario (\u00fanicamente de sesi\u00f3n), dar seguridad al usuario, sesiones de reproductor multimedia, sesiones para equilibrar la carga, la personalizaci\u00f3n de la interfaz de usuario y de complementos (plug-in) e intercambiar contenidos sociales. De todas formas, el usuario si lo desea puede desactivar y\/o eliminar estas cookies siguiendo las instrucciones de su navegador de Internet.<\/p>\n<\/p>\n<h6>5. DRETS EN RELACI\u00d3 AMB LES SEVES DADES PERSONALS.<\/h6>\n<\/p>\n<p>Cualquier persona puede retirar su consentimiento en cualquier momento, cuando el mismo se haya otorgado para el tratamiento de sus datos. En ning\u00fan caso, la retirada de este consentimiento condiciona la ejecuci\u00f3n del contrato de suscripci\u00f3n o las relaciones generadas con anterioridad.<\/p>\n<p>Igualmente, puede ejercer los siguientes derechos:<\/p>\n<ul>\n<li>\n<p>Solicitar el acceso a sus datos personales o su rectificaci\u00f3n cuando sean inexactos.<\/p>\n<\/li>\n<li>\n<p>Solicitar su supresi\u00f3n cuando, entre otros motivos, los datos ya no sean necesarios para los fines para los que fueron recogidos.<\/p>\n<\/li>\n<li>\n<p>Solicitar la limitaci\u00f3n de su tratamiento en determinadas circunstancias.<\/p>\n<\/li>\n<li>\n<p>Solicitar la oposici\u00f3n al tratamiento de sus datos por motivos relacionados con su situaci\u00f3n particular.<\/p>\n<\/li>\n<li>\n<p>Solicitar la portabilidad de los datos en los casos previstos en la normativa.<\/p>\n<\/li>\n<li>\n<p>Otros derechos reconocidos en las normativas aplicables.<\/p>\n<\/li>\n<\/ul>\n<p>D\u00f3nde y c\u00f3mo solicitar sus Derechos: Mediante un escrito dirigido al responsable a su direcci\u00f3n postal o electr\u00f3nica (indicadas en el apartado A), indicando la referencia &#8220;Datos Personales&#8221;, especificando el derecho que se quiere ejercer y respecto a qu\u00e9 datos personales.<\/p>\n<p>En caso de divergencias con la empresa en relaci\u00f3n con el tratamiento de sus datos, puede presentar una reclamaci\u00f3n ante la Agencia de Protecci\u00f3n de Datos (<a href=\"http:\/\/www.agpd.es\/\">www.agpd.es<\/a>).<\/p>\n<\/p>\n<h6>6. SEGURETAT DE LES SEVES DADES PERSONALS<\/h6>\n<\/p>\n<p>Con el objetivo de salvaguardar la seguridad de sus datos personales, le informamos que hemos adoptado todas las medidas de \u00edndole t\u00e9cnica y organizativa necesarias para garantizar la seguridad de los datos personales suministrados de su alteraci\u00f3n, p\u00e9rdida y tratamientos o accesos no autorizados.<\/p>\n<\/p>\n<h6>7. ACTUALITZACI\u00d3 DE LES SEVES DADES<\/h6>\n<\/p>\n<p>Es importante que para que podamos mantener sus datos personales actualizados, nos informe siempre que haya habido alguna modificaci\u00f3n en ellos, en caso contrario, no respondemos de la veracidad de los mismos.<\/p>\n<p>No nos hacemos responsables de la pol\u00edtica de privacidad respecto a los datos personales que pueda facilitar a terceros por medio de los enlaces disponibles en nuestra p\u00e1gina web.<\/p>\n<p>La presente Pol\u00edtica de Privacidad ha sido modificada en fecha _______ y puede ser modificada para adaptarlas a los cambios que se produzca en nuestra web, as\u00ed como modificaciones legislativas o jurisprudenciales sobre datos personales que vayan apareciendo, por lo que exige su lectura, cada vez que nos facilite sus datos a trav\u00e9s de esta Web.<\/p>\n<\/p>\n<h6>8. RESPONSABILITATS<\/h6>\n<\/p>\n<p>Al poner a disposici\u00f3n del usuario esta p\u00e1gina Web queremos ofrecerle un servicio de calidad, utilizando la m\u00e1xima diligencia en la prestaci\u00f3n del mismo, as\u00ed como en los medios tecnol\u00f3gicos utilizados. No obstante, no responderemos de la presencia de virus y otros elementos que de alg\u00fan modo puedan da\u00f1ar el sistema inform\u00e1tico del usuario.<\/p>\n<p>No garantizamos que la disponibilidad del servicio sea continua e ininterrumpida.<\/p>\n<p>El USUARIO tiene prohibido cualquier tipo de acci\u00f3n sobre nuestro portal que origine una excesiva sobrecarga de funcionamiento a nuestros sistemas inform\u00e1ticos, as\u00ed como la introducci\u00f3n de virus, o instalaci\u00f3n de robots, o software que altere el normal funcionamiento de nuestra web, o en definitiva pueda causar da\u00f1os a nuestros sistemas inform\u00e1ticos.<\/p>\n<p>El USUARIO asume toda la responsabilidad derivada del uso de nuestra p\u00e1gina web.<\/p>\n<p>El USUARIO reconoce que ha entendido toda la informaci\u00f3n respecto a las condiciones de uso de nuestro portal, y reconoce que son suficientes para la exclusi\u00f3n del error en las mismas, y por lo tanto, las acepta integra y expresamente.<\/p><\/p>\n<\/div><\/div><\/div><\/div><\/div>\n","protected":false},"excerpt":{"rendered":"","protected":false},"author":1,"featured_media":0,"parent":0,"menu_order":0,"comment_status":"closed","ping_status":"closed","template":"","meta":{"footnotes":""},"class_list":["post-894","page","type-page","status-publish","hentry"],"yoast_head":"<!-- This site is optimized with the Yoast SEO plugin v26.9 - https:\/\/yoast.com\/product\/yoast-seo-wordpress\/ -->\n<title>Pol\u00edtica de Privadesa &#8211; J&amp;O Global<\/title>\n<meta name=\"robots\" content=\"index, follow, max-snippet:-1, max-image-preview:large, max-video-preview:-1\" \/>\n<link rel=\"canonical\" href=\"https:\/\/joglobalserveisintegrals.com\/ca\/politica-de-privadesa\/\" \/>\n<meta property=\"og:locale\" content=\"ca_ES\" \/>\n<meta property=\"og:type\" content=\"article\" \/>\n<meta property=\"og:title\" content=\"Pol\u00edtica de Privadesa &#8211; J&amp;O Global\" \/>\n<meta property=\"og:url\" content=\"https:\/\/joglobalserveisintegrals.com\/ca\/politica-de-privadesa\/\" \/>\n<meta property=\"og:site_name\" content=\"J&amp;O Global\" \/>\n<meta property=\"article:modified_time\" content=\"2023-01-31T11:28:57+00:00\" \/>\n<meta name=\"twitter:card\" content=\"summary_large_image\" \/>\n<script type=\"application\/ld+json\" class=\"yoast-schema-graph\">{\"@context\":\"https:\/\/schema.org\",\"@graph\":[{\"@type\":\"WebPage\",\"@id\":\"https:\/\/joglobalserveisintegrals.com\/ca\/politica-de-privadesa\/\",\"url\":\"https:\/\/joglobalserveisintegrals.com\/ca\/politica-de-privadesa\/\",\"name\":\"Pol\u00edtica de Privadesa &#8211; J&amp;O Global\",\"isPartOf\":{\"@id\":\"https:\/\/joglobalserveisintegrals.com\/ca\/#website\"},\"datePublished\":\"2021-02-03T22:01:35+00:00\",\"dateModified\":\"2023-01-31T11:28:57+00:00\",\"breadcrumb\":{\"@id\":\"https:\/\/joglobalserveisintegrals.com\/ca\/politica-de-privadesa\/#breadcrumb\"},\"inLanguage\":\"ca\",\"potentialAction\":[{\"@type\":\"ReadAction\",\"target\":[\"https:\/\/joglobalserveisintegrals.com\/ca\/politica-de-privadesa\/\"]}]},{\"@type\":\"BreadcrumbList\",\"@id\":\"https:\/\/joglobalserveisintegrals.com\/ca\/politica-de-privadesa\/#breadcrumb\",\"itemListElement\":[{\"@type\":\"ListItem\",\"position\":1,\"name\":\"Home\",\"item\":\"https:\/\/joglobalserveisintegrals.com\/ca\/inici\/\"},{\"@type\":\"ListItem\",\"position\":2,\"name\":\"Pol\u00edtica de Privadesa\"}]},{\"@type\":\"WebSite\",\"@id\":\"https:\/\/joglobalserveisintegrals.com\/ca\/#website\",\"url\":\"https:\/\/joglobalserveisintegrals.com\/ca\/\",\"name\":\"J&amp;O Global\",\"description\":\"Servicio Integral de Reformas\",\"publisher\":{\"@id\":\"https:\/\/joglobalserveisintegrals.com\/ca\/#organization\"},\"potentialAction\":[{\"@type\":\"SearchAction\",\"target\":{\"@type\":\"EntryPoint\",\"urlTemplate\":\"https:\/\/joglobalserveisintegrals.com\/ca\/?s={search_term_string}\"},\"query-input\":{\"@type\":\"PropertyValueSpecification\",\"valueRequired\":true,\"valueName\":\"search_term_string\"}}],\"inLanguage\":\"ca\"},{\"@type\":\"Organization\",\"@id\":\"https:\/\/joglobalserveisintegrals.com\/ca\/#organization\",\"name\":\"J&O Global\",\"url\":\"https:\/\/joglobalserveisintegrals.com\/ca\/\",\"logo\":{\"@type\":\"ImageObject\",\"inLanguage\":\"ca\",\"@id\":\"https:\/\/joglobalserveisintegrals.com\/ca\/#\/schema\/logo\/image\/\",\"url\":\"https:\/\/joglobalserveisintegrals.com\/wp-content\/uploads\/2021\/02\/JO-logo-black.png\",\"contentUrl\":\"https:\/\/joglobalserveisintegrals.com\/wp-content\/uploads\/2021\/02\/JO-logo-black.png\",\"width\":1020,\"height\":168,\"caption\":\"J&O Global\"},\"image\":{\"@id\":\"https:\/\/joglobalserveisintegrals.com\/ca\/#\/schema\/logo\/image\/\"}}]}<\/script>\n<!-- \/ Yoast SEO plugin. -->","yoast_head_json":{"title":"Pol\u00edtica de Privadesa &#8211; J&amp;O Global","robots":{"index":"index","follow":"follow","max-snippet":"max-snippet:-1","max-image-preview":"max-image-preview:large","max-video-preview":"max-video-preview:-1"},"canonical":"https:\/\/joglobalserveisintegrals.com\/ca\/politica-de-privadesa\/","og_locale":"ca_ES","og_type":"article","og_title":"Pol\u00edtica de Privadesa &#8211; J&amp;O Global","og_url":"https:\/\/joglobalserveisintegrals.com\/ca\/politica-de-privadesa\/","og_site_name":"J&amp;O Global","article_modified_time":"2023-01-31T11:28:57+00:00","twitter_card":"summary_large_image","schema":{"@context":"https:\/\/schema.org","@graph":[{"@type":"WebPage","@id":"https:\/\/joglobalserveisintegrals.com\/ca\/politica-de-privadesa\/","url":"https:\/\/joglobalserveisintegrals.com\/ca\/politica-de-privadesa\/","name":"Pol\u00edtica de Privadesa &#8211; J&amp;O Global","isPartOf":{"@id":"https:\/\/joglobalserveisintegrals.com\/ca\/#website"},"datePublished":"2021-02-03T22:01:35+00:00","dateModified":"2023-01-31T11:28:57+00:00","breadcrumb":{"@id":"https:\/\/joglobalserveisintegrals.com\/ca\/politica-de-privadesa\/#breadcrumb"},"inLanguage":"ca","potentialAction":[{"@type":"ReadAction","target":["https:\/\/joglobalserveisintegrals.com\/ca\/politica-de-privadesa\/"]}]},{"@type":"BreadcrumbList","@id":"https:\/\/joglobalserveisintegrals.com\/ca\/politica-de-privadesa\/#breadcrumb","itemListElement":[{"@type":"ListItem","position":1,"name":"Home","item":"https:\/\/joglobalserveisintegrals.com\/ca\/inici\/"},{"@type":"ListItem","position":2,"name":"Pol\u00edtica de Privadesa"}]},{"@type":"WebSite","@id":"https:\/\/joglobalserveisintegrals.com\/ca\/#website","url":"https:\/\/joglobalserveisintegrals.com\/ca\/","name":"J&amp;O Global","description":"Servicio Integral de Reformas","publisher":{"@id":"https:\/\/joglobalserveisintegrals.com\/ca\/#organization"},"potentialAction":[{"@type":"SearchAction","target":{"@type":"EntryPoint","urlTemplate":"https:\/\/joglobalserveisintegrals.com\/ca\/?s={search_term_string}"},"query-input":{"@type":"PropertyValueSpecification","valueRequired":true,"valueName":"search_term_string"}}],"inLanguage":"ca"},{"@type":"Organization","@id":"https:\/\/joglobalserveisintegrals.com\/ca\/#organization","name":"J&O Global","url":"https:\/\/joglobalserveisintegrals.com\/ca\/","logo":{"@type":"ImageObject","inLanguage":"ca","@id":"https:\/\/joglobalserveisintegrals.com\/ca\/#\/schema\/logo\/image\/","url":"https:\/\/joglobalserveisintegrals.com\/wp-content\/uploads\/2021\/02\/JO-logo-black.png","contentUrl":"https:\/\/joglobalserveisintegrals.com\/wp-content\/uploads\/2021\/02\/JO-logo-black.png","width":1020,"height":168,"caption":"J&O Global"},"image":{"@id":"https:\/\/joglobalserveisintegrals.com\/ca\/#\/schema\/logo\/image\/"}}]}},"_links":{"self":[{"href":"https:\/\/joglobalserveisintegrals.com\/ca\/wp-json\/wp\/v2\/pages\/894","targetHints":{"allow":["GET"]}}],"collection":[{"href":"https:\/\/joglobalserveisintegrals.com\/ca\/wp-json\/wp\/v2\/pages"}],"about":[{"href":"https:\/\/joglobalserveisintegrals.com\/ca\/wp-json\/wp\/v2\/types\/page"}],"author":[{"embeddable":true,"href":"https:\/\/joglobalserveisintegrals.com\/ca\/wp-json\/wp\/v2\/users\/1"}],"replies":[{"embeddable":true,"href":"https:\/\/joglobalserveisintegrals.com\/ca\/wp-json\/wp\/v2\/comments?post=894"}],"version-history":[{"count":1,"href":"https:\/\/joglobalserveisintegrals.com\/ca\/wp-json\/wp\/v2\/pages\/894\/revisions"}],"predecessor-version":[{"id":895,"href":"https:\/\/joglobalserveisintegrals.com\/ca\/wp-json\/wp\/v2\/pages\/894\/revisions\/895"}],"wp:attachment":[{"href":"https:\/\/joglobalserveisintegrals.com\/ca\/wp-json\/wp\/v2\/media?parent=894"}],"curies":[{"name":"wp","href":"https:\/\/api.w.org\/{rel}","templated":true}]}}